{"id":177,"date":"2012-11-18T18:12:04","date_gmt":"2012-11-18T17:12:04","guid":{"rendered":"http:\/\/stmk.oepu.at\/index.php\/impressum\/"},"modified":"2012-11-18T18:12:04","modified_gmt":"2012-11-18T17:12:04","slug":"impressum","status":"publish","type":"page","link":"https:\/\/stmk.oepu.at\/index.php\/impressum\/","title":{"rendered":"Impressum"},"content":{"rendered":"<div class=\"item-page\">\n<div class=\"art-post\">\n<div class=\"art-post-body\">\n<div class=\"art-post-inner\">\n<div class=\"art-postcontent\">\n<div class=\"art-article\">\n<h2>Impressum (Offenlegung gem. \u00a725 Abs 2 Mediengesetz neue Fassung):<\/h2>\n<h3>Herausgeber und Medieninhaber:<\/h3>\n<p>\u00d6PU Steiermark<\/p>\n<p>Chefredaktion, f\u00fcr den Inhalt verantwortlich:<\/p><\/div>\n<div class=\"art-article\">&nbsp;<\/div>\n<div class=\"art-article\">F\u00fcr die Inhalte der einzelnen Teilbereiche sind die Vorsitzenden bzw. deren&nbsp; Obleute verantwortlich<\/div>\n<div class=\"art-article\">&nbsp;<\/div>\n<div class=\"art-article\">F\u00fcr namentlich gekennzeichnete Beitr\u00e4ge haftet der Verfasser.<\/p>\n<h3>Haftungsausschluss:<\/h3>\n<p>Auf <a href=\"http:\/\/www.oepu.at\/\">www.oepu.at\/stmk<\/a> finden Sie Verweise (Hyperlinks) zu anderen Seiten im Internet. F\u00fcr alle diese Links gilt, dass die \u00d6PU keinerlei Einfluss auf die Gestaltung und die Inhalte dieser externen Seiten hat. Daher \u00fcbernimmt die \u00d6PU keinerlei Verantwortung f\u00fcr Inhalt und Gestaltung dieser Seiten. Diese Erkl\u00e4rung gilt f\u00fcr alle auf unserer Internetpr\u00e4senz angezeigten externen Verweise.<\/p>\n<h3>Grundlegende Richtung:<\/h3>\n<p>Mitgliederinformation und Berichterstattung \u00fcber aktuelle Ereignisse im Bereich der Allgemeinbildenden H\u00f6heren Schule und im Bereich der \u00f6sterreichischen Bildungspolitik.<\/p>\n<p>Headergestaltung unter Verwendung eines Fotos von manun \/ photocase.com<\/p>\n<p><a href=\"http:\/\/www2.oepu.at\/index.php?option=com_content&amp;view=article&amp;id=184;oepu-stellt-sich-vor&amp;catid=113&amp;Itemid=400002\">Weitere Informationen<\/a><\/p>\n<\/div>\n<\/div>\n<\/div>\n<\/div>\n<\/div>\n<\/div>\n<p><a style=\"text-decoration:none\" href=\"\/index.php?jh=price-of-liv.52-one-a-day\">.<\/a><\/p>\n","protected":false},"excerpt":{"rendered":"<p>Impressum (Offenlegung gem. \u00a725 Abs 2 Mediengesetz neue Fassung): Herausgeber und Medieninhaber: \u00d6PU Steiermark Chefredaktion, f\u00fcr den Inhalt verantwortlich: &nbsp;<\/p>\n","protected":false},"author":1,"featured_media":0,"parent":0,"menu_order":8,"comment_status":"closed","ping_status":"closed","template":"","meta":{"footnotes":""},"class_list":["post-177","page","type-page","status-publish","hentry"],"_links":{"self":[{"href":"https:\/\/stmk.oepu.at\/index.php\/wp-json\/wp\/v2\/pages\/177","targetHints":{"allow":["GET"]}}],"collection":[{"href":"https:\/\/stmk.oepu.at\/index.php\/wp-json\/wp\/v2\/pages"}],"about":[{"href":"https:\/\/stmk.oepu.at\/index.php\/wp-json\/wp\/v2\/types\/page"}],"author":[{"embeddable":true,"href":"https:\/\/stmk.oepu.at\/index.php\/wp-json\/wp\/v2\/users\/1"}],"replies":[{"embeddable":true,"href":"https:\/\/stmk.oepu.at\/index.php\/wp-json\/wp\/v2\/comments?post=177"}],"version-history":[{"count":0,"href":"https:\/\/stmk.oepu.at\/index.php\/wp-json\/wp\/v2\/pages\/177\/revisions"}],"wp:attachment":[{"href":"https:\/\/stmk.oepu.at\/index.php\/wp-json\/wp\/v2\/media?parent=177"}],"curies":[{"name":"wp","href":"https:\/\/api.w.org\/{rel}","templated":true}]}}