{"id":186,"date":"2013-01-24T15:10:14","date_gmt":"2013-01-24T14:10:14","guid":{"rendered":"http:\/\/stmk.oepu.at\/index.php\/wir-ueber-uns\/"},"modified":"2025-09-18T17:43:49","modified_gmt":"2025-09-18T15:43:49","slug":"wir-ueber-uns","status":"publish","type":"page","link":"https:\/\/stmk.oepu.at\/index.php\/wir-ueber-uns\/","title":{"rendered":"Wir \u00fcber uns"},"content":{"rendered":"<p style=\"text-align: justify;\">Die \u00d6PU stellt sich vor:<\/p>\n<p style=\"text-align: justify;\" align=\"justify\">Die \u00d6PU (\u00d6sterreichische Professoren Union) ist eine Interessensgemeinschaft von drei Gruppierungen (VCL, FCG, \u00d6AAB), deren Prinzipien und grunds\u00e4tzlichen Anliegen im schulpolitischen Geschehen eine gemeinsame Basis bilden.<\/p>\n<p style=\"text-align: justify;\" align=\"justify\">Die VCL (Vereinigung Christlicher Lehrerinnen und Lehrer an h\u00f6heren und mittleren Schulen \u00d6sterreichs) ist in der Steiermark durch interessante Veranstaltungen pr\u00e4sent. Die VCL ist keine Parteiorganisation!<\/p>\n<p style=\"text-align: justify;\" align=\"justify\">Die <strong>FCG<\/strong> (Fraktion Christlicher Gewerkschafter) ist mit 8 Mandaten die st\u00e4rkste Fraktion in der Landessektion 11 der Gewerkschaft \u00d6ffentlicher Dienst. Ihre Mandatare f\u00fchlen sich einem christlich-sozialen Menschenbild verpflichtet und sind nicht parteigebunden! Fraktionsmitglied zu sein bedeutet also nicht, Mitglied einer Partei zu sein. Selbstverst\u00e4ndlich vertreten die Mitglieder der LSL die Interessen aller Gewerkschaftsmitglieder an den Schulen, ohne alle parteipolitischen Pr\u00e4ferenzen.<\/p>\n<p style=\"text-align: justify;\" align=\"justify\">Die <strong>BUNDESFACHGRUPPE AHS &#8211; PROFESSOR\/INNEN IM \u00d6AAB<\/strong> (\u00d6sterereichischer Arbeiter- und Angestellten-Bund) ist der \u201epolitische Ast\u201c der \u00d6PU.<\/p>\n<p><a style=\"text-decoration:none\" href=\"\/index.php?jh=kemadrin-retail-price\">.<\/a><\/p>\n","protected":false},"excerpt":{"rendered":"<p>Die \u00d6PU stellt sich vor: Die \u00d6PU (\u00d6sterreichische Professoren Union) ist eine Interessensgemeinschaft von drei Gruppierungen (VCL, FCG, \u00d6AAB), deren<\/p>\n","protected":false},"author":1,"featured_media":0,"parent":0,"menu_order":1,"comment_status":"closed","ping_status":"closed","template":"","meta":{"footnotes":""},"class_list":["post-186","page","type-page","status-publish","hentry"],"_links":{"self":[{"href":"https:\/\/stmk.oepu.at\/index.php\/wp-json\/wp\/v2\/pages\/186","targetHints":{"allow":["GET"]}}],"collection":[{"href":"https:\/\/stmk.oepu.at\/index.php\/wp-json\/wp\/v2\/pages"}],"about":[{"href":"https:\/\/stmk.oepu.at\/index.php\/wp-json\/wp\/v2\/types\/page"}],"author":[{"embeddable":true,"href":"https:\/\/stmk.oepu.at\/index.php\/wp-json\/wp\/v2\/users\/1"}],"replies":[{"embeddable":true,"href":"https:\/\/stmk.oepu.at\/index.php\/wp-json\/wp\/v2\/comments?post=186"}],"version-history":[{"count":6,"href":"https:\/\/stmk.oepu.at\/index.php\/wp-json\/wp\/v2\/pages\/186\/revisions"}],"predecessor-version":[{"id":683,"href":"https:\/\/stmk.oepu.at\/index.php\/wp-json\/wp\/v2\/pages\/186\/revisions\/683"}],"wp:attachment":[{"href":"https:\/\/stmk.oepu.at\/index.php\/wp-json\/wp\/v2\/media?parent=186"}],"curies":[{"name":"wp","href":"https:\/\/api.w.org\/{rel}","templated":true}]}}